{"id":5,"date":"2010-05-11T12:43:19","date_gmt":"2010-05-11T10:43:19","guid":{"rendered":"http:\/\/www.slapendoejesnachts.nl\/blog\/?page_id=5"},"modified":"2025-02-09T08:41:39","modified_gmt":"2025-02-09T06:41:39","slug":"over-cees","status":"publish","type":"page","link":"https:\/\/www.slapendoejesnachts.nl\/?page_id=5","title":{"rendered":"Over de auteur"},"content":{"rendered":"<p><a href=\"http:\/\/www.slapendoejesnachts.nl\/blog\/wp-content\/uploads\/2010\/05\/ceebuys0.jpg\"><img loading=\"lazy\" decoding=\"async\" class=\"alignnone size-full wp-image-27\" title=\"ceebuys0\" src=\"http:\/\/www.slapendoejesnachts.nl\/blog\/wp-content\/uploads\/2010\/05\/ceebuys0.jpg\" alt=\"\" width=\"236\" height=\"355\" srcset=\"https:\/\/www.slapendoejesnachts.nl\/wp-content\/uploads\/2010\/05\/ceebuys0.jpg 200w, https:\/\/www.slapendoejesnachts.nl\/wp-content\/uploads\/2010\/05\/ceebuys0-100x150.jpg 100w\" sizes=\"auto, (max-width: 236px) 100vw, 236px\" \/><\/a><\/p>\n<p>Cees Buys is geboren in 1958 en opgegroeid in Scheveningen. Na een relatief voorspoedige jeugd leerde hij op 21-jarige leeftijd, tijdens zijn hotelschoolstage in hotel Okura in Amsterdam, Marjolein Mentink kennen met wie hij twee jaar later, op 5 maart 1982, is getrouwd. Samen hebben ze drie kinderen (Charlotte, Ruben en Marloes) die inmiddels allemaal volwassen zijn.<\/p>\n<p>Na zijn middelbare school heeft hij de hogere hotelschool in Den Haag afgerond en heeft vervolgens zijn militaire dienstplicht als reserveofficier bij de Koninklijke Landmacht vervuld. Ingedeeld bij het onderdeel \u2018Limburgse jagers\u2019 (Oirschot) werd hij klassenofficier en leidde hij een opleidingspeloton voor Seedorf. Na diverse herhalingsoefeningen (vliegbasis Welschap bij Eindhoven) heeft hij als reservekapitein zijn \u2018militaire loopbaan\u2019 afgerond.<\/p>\n<p>Cees is zijn carri\u00e8re begonnen in de Amsterdamse hotellerie en op Schiphol waarna hij&nbsp; overstapte naar NLM CityHopper. Na ruim 2 jaar stroomde hij door naar de KLM waar hij in het gebied Midden-Oosten, Azi\u00eb en Australi\u00eb als vlootbevoorrader heeft gewerkt. De routegerichte belading heeft hij ge\u00efnitieerd, als eerste op de KLM-route naar Tokio. Na de eerste Golfoorlog heeft Cees zijn eerste directiefunctie aanvaard op Schiphol.<br \/>\nVanaf 1993 werkt Cees als ondernemer en zelfstandige en onafhankelijke verander- en crisismanager voor een groot aantal organisaties. Opdrachten waren zeer uiteenlopend van aard en omvang. Het is daarna niet meer rustig geweest. Zijn opdracht voor het UMC in Groningen was zeer omvangrijk en complex. Het resultaat daarvan was de kroon op zijn werk.<br \/>\nDe inmiddels door hem ontwikkelde werkwijze leidde keer op keer tot succes en werd keer op keer de weg naar excellentie geopend. Na zijn werken in het UMCG heeft besloten die werkmethodiek, die onheroepelijk leidt tot excellente organisaties, aan het papier toe te vertrouwen. Op 20 september 2006 kwam zijn eerste boek via uitgeverij Koninklijke Van Gorcum in Assen uit met de titel: \u2018Managen met ratio \u00e9n emotie\u2019. Zijn primaire doel was deze methodiek te delen met velen. Zijn eerste boek verkoopt nog altijd goed en is, naar zeggen van de uitgever, een best-seller geworden.<\/p>\n<p>Omdat Cees maatschappelijk betrokken is en hij kennis heeft genomen van het grote maatschappelijke- en economische probleem van \u2018bedrijfsopvolging\u2019, heeft hij op verzoek van zijn uitgever besloten hier zijn tweede boek over te schrijven. Het gaat hem in deze niet zo zeer over het probleem zelf maar veel meer om de structurele oplossing voor dit majeure probleem (i.e. het Bedrijvenleaseconcept en -gedachtegoed).<br \/>\nZijn boek \u2018Opvolging en Overdracht\u2019 werd in januari 2010 gepresenteerd op Landgoed Zuylestein bij Leersum (Utrecht). Anders denken (en vervolgens ook doen) is de rode draad in zijn tweede boek.<\/p>\n<p>De persoonlijke missie van Cees is anderen in hun kracht zetten, ze bewust te maken van hun talenten en waar hun kracht zit en hen daarop te faciliteren. Indien velen dit zouden doen in de bedrijven, zouden de medewerkers en daarmee direct ook hun organisaties onvermijdelijk gaan excelleren. Macro bezien betekent dit meer welvaart maar wat veel belangrijker is: voor velen meer welzijn en zingeving.<br \/>\nHet delen van zijn expertise via zijn eerste boek, is dan ook belangrijk zodat ook velen, via een vergelijkbare aanpak, ieder op haar of zijn authentieke wijze, de excellente status in hun organisatie kunnen bereiken.<br \/>\nDit is hard nodig, gezien de brede &#8216;zesjes-cultuur&#8217; doe ons zo onvoorstelbaar lastig uit de crisis kan leiden.<\/p>\n<p>Naast de informatie op dit weblog kunt u ook de volgende websites raadplegen:<\/p>\n<p><a href=\"http:\/\/www.guidanceprofile.nl\">www.guidanceprofile.nl<\/a><br \/>\n<a href=\"http:\/\/www.icc-nederland.nl\/\" target=\"_blank\" rel=\"noopener noreferrer\">www.icc-nederland.nl<\/a>&lt;<\/p>\n<p>De boeken van Cees Buys koopt u via Uitgeverij Van Gorcum of bij <a href=\"http:\/\/www.bol.com\/\" target=\"_blank\" rel=\"noopener noreferrer\">bol.com<\/a> of<a href=\"http:\/\/www.managementboek.nl\/\" target=\"_blank\" rel=\"noopener noreferrer\"> managementboek.nl<\/a>.<\/p>\n<p><a href=\"http:\/\/www.slapendoejesnachts.nl\/blog\/wp-content\/uploads\/2010\/05\/ceesmetboeken.jpg\"><img loading=\"lazy\" decoding=\"async\" class=\"alignnone size-full wp-image-34\" title=\"ceesmetboeken\" src=\"http:\/\/www.slapendoejesnachts.nl\/blog\/wp-content\/uploads\/2010\/05\/ceesmetboeken.jpg\" alt=\"\" width=\"229\" height=\"344\" srcset=\"https:\/\/www.slapendoejesnachts.nl\/wp-content\/uploads\/2010\/05\/ceesmetboeken.jpg 143w, https:\/\/www.slapendoejesnachts.nl\/wp-content\/uploads\/2010\/05\/ceesmetboeken-99x150.jpg 99w\" sizes=\"auto, (max-width: 229px) 100vw, 229px\" \/><\/a><\/p>\n<p>Ook via Google en LinkedIn is informatie beschikbaar.<\/p>\n<p><!-- tabbed content --> <!-- tab sections --><\/p>\n","protected":false},"excerpt":{"rendered":"<p>Cees Buys is geboren in 1958 en opgegroeid in Scheveningen. Na een relatief voorspoedige jeugd leerde hij op 21-jarige leeftijd, tijdens zijn hotelschoolstage in hotel Okura in Amsterdam, Marjolein Mentink kennen met wie hij twee jaar later, op 5 maart 1982, is getrouwd. Samen hebben ze drie kinderen (Charlotte, Ruben en Marloes) die inmiddels allemaal [&hellip;]<\/p>\n","protected":false},"author":2,"featured_media":0,"parent":0,"menu_order":0,"comment_status":"closed","ping_status":"closed","template":"","meta":{"footnotes":""},"class_list":["post-5","page","type-page","status-publish","hentry","count-0","even alt","author-admin","last"],"_links":{"self":[{"href":"https:\/\/www.slapendoejesnachts.nl\/index.php?rest_route=\/wp\/v2\/pages\/5","targetHints":{"allow":["GET"]}}],"collection":[{"href":"https:\/\/www.slapendoejesnachts.nl\/index.php?rest_route=\/wp\/v2\/pages"}],"about":[{"href":"https:\/\/www.slapendoejesnachts.nl\/index.php?rest_route=\/wp\/v2\/types\/page"}],"author":[{"embeddable":true,"href":"https:\/\/www.slapendoejesnachts.nl\/index.php?rest_route=\/wp\/v2\/users\/2"}],"replies":[{"embeddable":true,"href":"https:\/\/www.slapendoejesnachts.nl\/index.php?rest_route=%2Fwp%2Fv2%2Fcomments&post=5"}],"version-history":[{"count":16,"href":"https:\/\/www.slapendoejesnachts.nl\/index.php?rest_route=\/wp\/v2\/pages\/5\/revisions"}],"predecessor-version":[{"id":337,"href":"https:\/\/www.slapendoejesnachts.nl\/index.php?rest_route=\/wp\/v2\/pages\/5\/revisions\/337"}],"wp:attachment":[{"href":"https:\/\/www.slapendoejesnachts.nl\/index.php?rest_route=%2Fwp%2Fv2%2Fmedia&parent=5"}],"curies":[{"name":"wp","href":"https:\/\/api.w.org\/{rel}","templated":true}]}}