{"id":143,"date":"2014-03-04T11:53:41","date_gmt":"2014-03-04T09:53:41","guid":{"rendered":"http:\/\/www.slapendoejesnachts.nl\/?page_id=143"},"modified":"2024-03-11T16:41:02","modified_gmt":"2024-03-11T14:41:02","slug":"over-mijn-2e-boek","status":"publish","type":"page","link":"https:\/\/www.slapendoejesnachts.nl\/?page_id=143","title":{"rendered":"Mijn 2e boek"},"content":{"rendered":"<div id=\"attachment_185\" style=\"width: 176px\" class=\"wp-caption alignright\"><a href=\"http:\/\/www.slapendoejesnachts.nl\/wp-content\/uploads\/2014\/03\/Omslag-Cees-Buys.jpg\"><img loading=\"lazy\" decoding=\"async\" aria-describedby=\"caption-attachment-185\" class=\"wp-image-185\" src=\"http:\/\/www.slapendoejesnachts.nl\/wp-content\/uploads\/2014\/03\/Omslag-Cees-Buys-200x300.jpg\" alt=\"Omslag Cees Buys\" width=\"166\" height=\"250\" srcset=\"https:\/\/www.slapendoejesnachts.nl\/wp-content\/uploads\/2014\/03\/Omslag-Cees-Buys-200x300.jpg 200w, https:\/\/www.slapendoejesnachts.nl\/wp-content\/uploads\/2014\/03\/Omslag-Cees-Buys-100x150.jpg 100w\" sizes=\"auto, (max-width: 166px) 100vw, 166px\" \/><\/a><p id=\"caption-attachment-185\" class=\"wp-caption-text\">Mijn 2e boek<\/p><\/div>\n<p>Toen bleek dat mijn eerste boek (Managen met ratio \u00e9n emotie) een succes was en volgens mijn uitgever, de Koninklijke Van Gorcum in Assen, een bestseller, kwam via deze uitgever de vraag aan mij: &#8220;komt er ook een tweede titel?&#8221;.<\/p>\n<p>Na een afspraak in de eerste klasse restauratie van het Amsterdamse Centraal Station hebben we hierover nagedacht en gesproken. Het zou een boek worden over het majeure probleem van de stagnerende bedrijfsopvolging in Nederland (en feitelijk in geheel Europa). De titel zou worden &#8220;<a href=\"http:\/\/opvolgingenoverdracht.com\/\">Opvolging en Overdracht<\/a>&#8220;. Naast de beschrijving van dit probleem dat ik vanuit alles facetten heb belicht, wilde ik ook een creatieve en innovatieve oplossing aandragen voor dit probleem. Niet alleen signaleren maar dan ook de (mogelijke) oplossing er bij.<\/p>\n<p><img loading=\"lazy\" decoding=\"async\" class=\"size-medium wp-image-190 alignleft\" src=\"http:\/\/www.slapendoejesnachts.nl\/wp-content\/uploads\/2014\/03\/logo-Zuylenstein.gif\" alt=\"logo Zuylenstein\" width=\"78\" height=\"98\" \/><\/p>\n<p>Zo gezegd en ook zo gedaan. Na circa 14 maanden heb ik mijn tweede boek aan de markt gepresenteerd in januari 2010 op het landgoed Zuylenstein te Leersum (Utrecht).<\/p>\n<p><a href=\"http:\/\/www.slapendoejesnachts.nl\/wp-content\/uploads\/2014\/03\/zuylestein-2005-klr.jpg\"><img loading=\"lazy\" decoding=\"async\" class=\"wp-image-189\" src=\"http:\/\/www.slapendoejesnachts.nl\/wp-content\/uploads\/2014\/03\/zuylestein-2005-klr-300x192.jpg\" alt=\"Landgoed Zuylestein\" width=\"250\" height=\"160\" srcset=\"https:\/\/www.slapendoejesnachts.nl\/wp-content\/uploads\/2014\/03\/zuylestein-2005-klr-300x192.jpg 300w, https:\/\/www.slapendoejesnachts.nl\/wp-content\/uploads\/2014\/03\/zuylestein-2005-klr-150x96.jpg 150w, https:\/\/www.slapendoejesnachts.nl\/wp-content\/uploads\/2014\/03\/zuylestein-2005-klr.jpg 350w\" sizes=\"auto, (max-width: 250px) 100vw, 250px\" \/><\/a><img loading=\"lazy\" decoding=\"async\" class=\"alignright wp-image-188\" src=\"http:\/\/www.slapendoejesnachts.nl\/wp-content\/uploads\/2014\/03\/BLNED1-300x131.jpg\" alt=\"BLNED1\" width=\"307\" height=\"148\" \/><\/p>\n<p>Landgoed Zuylestein<\/p>\n<div id=\"attachment_181\" style=\"width: 220px\" class=\"wp-caption alignright\"><img loading=\"lazy\" decoding=\"async\" aria-describedby=\"caption-attachment-181\" class=\"wp-image-181\" src=\"http:\/\/www.slapendoejesnachts.nl\/wp-content\/uploads\/2014\/03\/boek-met-geert-sanders-254x300.jpg\" alt=\"boek met geert sanders\" width=\"210\" height=\"245\" \/><p id=\"caption-attachment-181\" class=\"wp-caption-text\">Geert Sanders nam het eerste exemplaar in ontvangst<\/p><\/div>\n<p>Prof. dr. Geert Sanders heeft het eerste exemplaar daar in ontvangst genomen.<\/p>\n<div id=\"attachment_183\" style=\"width: 291px\" class=\"wp-caption alignright\"><img loading=\"lazy\" decoding=\"async\" aria-describedby=\"caption-attachment-183\" class=\"wp-image-183\" src=\"http:\/\/www.slapendoejesnachts.nl\/wp-content\/uploads\/2014\/03\/IMG_9042-300x200.jpg\" alt=\"IMG_9042\" width=\"281\" height=\"199\" \/><p id=\"caption-attachment-183\" class=\"wp-caption-text\">De rede van Geert Sanders bij deze lancering was TOP!<\/p><\/div>\n<div id=\"attachment_179\" style=\"width: 249px\" class=\"wp-caption alignright\"><a href=\"http:\/\/www.slapendoejesnachts.nl\/wp-content\/uploads\/2014\/03\/GEDC1516.jpg\"><img loading=\"lazy\" decoding=\"async\" aria-describedby=\"caption-attachment-179\" class=\"wp-image-179\" src=\"http:\/\/www.slapendoejesnachts.nl\/wp-content\/uploads\/2014\/03\/GEDC1516-300x225.jpg\" alt=\"GE DIGITAL CAMERA\" width=\"239\" height=\"179\" srcset=\"https:\/\/www.slapendoejesnachts.nl\/wp-content\/uploads\/2014\/03\/GEDC1516-300x225.jpg 300w, https:\/\/www.slapendoejesnachts.nl\/wp-content\/uploads\/2014\/03\/GEDC1516-1024x768.jpg 1024w, https:\/\/www.slapendoejesnachts.nl\/wp-content\/uploads\/2014\/03\/GEDC1516-150x112.jpg 150w\" sizes=\"auto, (max-width: 239px) 100vw, 239px\" \/><\/a><p id=\"caption-attachment-179\" class=\"wp-caption-text\">Twee van de 12 aanwezige butlers verzorgden de ontvangst van de gasten<\/p><\/div>\n<div id=\"attachment_191\" style=\"width: 310px\" class=\"wp-caption alignright\"><a href=\"http:\/\/www.slapendoejesnachts.nl\/wp-content\/uploads\/2014\/03\/IMG_9028.jpg\"><img loading=\"lazy\" decoding=\"async\" aria-describedby=\"caption-attachment-191\" class=\"wp-image-191 size-medium\" src=\"http:\/\/www.slapendoejesnachts.nl\/wp-content\/uploads\/2014\/03\/IMG_9028-300x200.jpg\" alt=\"Familie en vrienden en mijn zoon op de voorgrond\" width=\"300\" height=\"200\" srcset=\"https:\/\/www.slapendoejesnachts.nl\/wp-content\/uploads\/2014\/03\/IMG_9028-300x200.jpg 300w, https:\/\/www.slapendoejesnachts.nl\/wp-content\/uploads\/2014\/03\/IMG_9028-1024x682.jpg 1024w, https:\/\/www.slapendoejesnachts.nl\/wp-content\/uploads\/2014\/03\/IMG_9028-150x100.jpg 150w\" sizes=\"auto, (max-width: 300px) 100vw, 300px\" \/><\/a><p id=\"caption-attachment-191\" class=\"wp-caption-text\">Familie en vrienden en mijn zoon op de voorgrond<\/p><\/div>\n<p>De lancering is ondersteund door de International Butler Academy die een aantal butlers in opleiding heeft geleverd voor de nodige cachet en entourage. Ook mijn goede vriendin, Annemarie Boissevain-Tyssen was van de partij naast vele familieleden, vrienden en relaties.\u00a0 Het werd een bijzondere dag.<\/p>\n<p>Naast veel leesplezier met dit boek wens ik al die meer dan 100.000 ondernemers in Nederland die kampen met bedrijfsopvolging, veel inspiratie toe bij het lezen van dit boek. Ik hoop van harte dat zij alsnog op een verantwoorde wijze hun bedrijf kunnen overdragen aan, bij voorkeur, de jongere generatie.<\/p>\n<p>Cees Buys.<\/p>\n<p>Zie ook de andere websites rondom de boeken van Cees Buys: <a href=\"http:\/\/www.guidanceprofile.nl\">1<\/a>, <a href=\"http:\/\/www.ceesbuys.nl\">2<\/a> en <a href=\"http:\/\/www.godsfuture.org\">3<\/a><\/p>\n<p>Bent u ge\u00efnteresseerd om dit boek in uw bezit te krijgen? Klik dan op \u00e9\u00e9n van de volgende links: <a href=\"http:\/\/www.omero.nl\/boeken\/zoeken?q=1&amp;t=opvolging%20en%20overdracht\"><span style=\"color: #008000;\"><strong>Omero.nl<\/strong><\/span><\/a>, <span style=\"color: #ff0000;\"><strong>Managementboek.nl<\/strong><\/span> en <a href=\"https:\/\/www.bol.com\/nl\/c\/cees-buys\/3192443\/\"><span style=\"color: #0000ff;\"><strong>Bol.Com<\/strong><\/span><\/a><\/p>\n<p>Zie ook het artikel over mijn boek op de site van <a href=\"https:\/\/www.bedrijfsopvolging.nl\/kennisbank\/opvolging-en-overdracht-cees-buys-boek\/\"><strong><span style=\"color: #ff6600;\">Bedrijfsopvolging.nl<\/span><\/strong><\/a>,<\/p>\n<p><img loading=\"lazy\" decoding=\"async\" class=\"alignleft wp-image-184\" src=\"http:\/\/www.slapendoejesnachts.nl\/wp-content\/uploads\/2014\/03\/IMG_9032-300x200.jpg\" alt=\"IMG_9032\" width=\"217\" height=\"146\" srcset=\"https:\/\/www.slapendoejesnachts.nl\/wp-content\/uploads\/2014\/03\/IMG_9032-300x200.jpg 300w, https:\/\/www.slapendoejesnachts.nl\/wp-content\/uploads\/2014\/03\/IMG_9032-1024x682.jpg 1024w, https:\/\/www.slapendoejesnachts.nl\/wp-content\/uploads\/2014\/03\/IMG_9032-150x100.jpg 150w\" sizes=\"auto, (max-width: 217px) 100vw, 217px\" \/><\/p>\n","protected":false},"excerpt":{"rendered":"<p>Toen bleek dat mijn eerste boek (Managen met ratio \u00e9n emotie) een succes was en volgens mijn uitgever, de Koninklijke Van Gorcum in Assen, een bestseller, kwam via deze uitgever de vraag aan mij: &#8220;komt er ook een tweede titel?&#8221;. Na een afspraak in de eerste klasse restauratie van het Amsterdamse Centraal Station hebben we [&hellip;]<\/p>\n","protected":false},"author":2,"featured_media":0,"parent":0,"menu_order":0,"comment_status":"closed","ping_status":"closed","template":"","meta":{"footnotes":""},"class_list":["post-143","page","type-page","status-publish","hentry","count-0","even alt","author-admin","last"],"_links":{"self":[{"href":"https:\/\/www.slapendoejesnachts.nl\/index.php?rest_route=\/wp\/v2\/pages\/143","targetHints":{"allow":["GET"]}}],"collection":[{"href":"https:\/\/www.slapendoejesnachts.nl\/index.php?rest_route=\/wp\/v2\/pages"}],"about":[{"href":"https:\/\/www.slapendoejesnachts.nl\/index.php?rest_route=\/wp\/v2\/types\/page"}],"author":[{"embeddable":true,"href":"https:\/\/www.slapendoejesnachts.nl\/index.php?rest_route=\/wp\/v2\/users\/2"}],"replies":[{"embeddable":true,"href":"https:\/\/www.slapendoejesnachts.nl\/index.php?rest_route=%2Fwp%2Fv2%2Fcomments&post=143"}],"version-history":[{"count":8,"href":"https:\/\/www.slapendoejesnachts.nl\/index.php?rest_route=\/wp\/v2\/pages\/143\/revisions"}],"predecessor-version":[{"id":320,"href":"https:\/\/www.slapendoejesnachts.nl\/index.php?rest_route=\/wp\/v2\/pages\/143\/revisions\/320"}],"wp:attachment":[{"href":"https:\/\/www.slapendoejesnachts.nl\/index.php?rest_route=%2Fwp%2Fv2%2Fmedia&parent=143"}],"curies":[{"name":"wp","href":"https:\/\/api.w.org\/{rel}","templated":true}]}}